{"id":6724,"date":"2023-07-03T00:43:34","date_gmt":"2023-07-03T00:43:34","guid":{"rendered":"https:\/\/keoss.io\/bodega\/producto\/jabon-liquido-multiuso-galon-3-785-litros\/"},"modified":"2023-07-30T15:36:46","modified_gmt":"2023-07-30T15:36:46","slug":"jabon-liquido-multiuso-galon-3-785-litros","status":"publish","type":"product","link":"https:\/\/keoss.io\/bodega\/producto\/jabon-liquido-multiuso-galon-3-785-litros\/","title":{"rendered":"JAB\u00d3N L\u00cdQUIDO MULTIUSO GALON 3.785 LITROS."},"content":{"rendered":"","protected":false},"excerpt":{"rendered":"<p>JAB\u00d3N L\u00cdQUIDO MULTIUSO GALON 3.785 LITROS.<\/p>\n","protected":false},"featured_media":6723,"comment_status":"open","ping_status":"closed","template":"","meta":{"inline_featured_image":false},"product_cat":[15],"product_tag":[],"class_list":["post-6724","product","type-product","status-publish","has-post-thumbnail","hentry","product_cat-sin-categorizar"],"_links":{"self":[{"href":"https:\/\/keoss.io\/bodega\/wp-json\/wp\/v2\/product\/6724","targetHints":{"allow":["GET"]}}],"collection":[{"href":"https:\/\/keoss.io\/bodega\/wp-json\/wp\/v2\/product"}],"about":[{"href":"https:\/\/keoss.io\/bodega\/wp-json\/wp\/v2\/types\/product"}],"replies":[{"embeddable":true,"href":"https:\/\/keoss.io\/bodega\/wp-json\/wp\/v2\/comments?post=6724"}],"wp:featuredmedia":[{"embeddable":true,"href":"https:\/\/keoss.io\/bodega\/wp-json\/wp\/v2\/media\/6723"}],"wp:attachment":[{"href":"https:\/\/keoss.io\/bodega\/wp-json\/wp\/v2\/media?parent=6724"}],"wp:term":[{"taxonomy":"product_cat","embeddable":true,"href":"https:\/\/keoss.io\/bodega\/wp-json\/wp\/v2\/product_cat?post=6724"},{"taxonomy":"product_tag","embeddable":true,"href":"https:\/\/keoss.io\/bodega\/wp-json\/wp\/v2\/product_tag?post=6724"}],"curies":[{"name":"wp","href":"https:\/\/api.w.org\/{rel}","templated":true}]}}